{"id":822,"date":"2014-12-05T15:14:20","date_gmt":"2014-12-05T13:14:20","guid":{"rendered":"http:\/\/alpsolution.at\/?page_id=822"},"modified":"2015-10-10T12:13:24","modified_gmt":"2015-10-10T11:13:24","slug":"kletterkurse","status":"publish","type":"page","link":"https:\/\/alpsolution.at\/?page_id=822","title":{"rendered":"Kletterkurse"},"content":{"rendered":"<p align=\"center\"><img loading=\"lazy\" decoding=\"async\" src=\"http:\/\/alpsolution.at\/wp-content\/uploads\/2015\/04\/chrispuggl_Portraitsmall.jpg\" width=\"200\" height=\"100\" align=\"center\"><\/p>\n<p><span style=\"float: left; text-align: left; font-size: 13px;\">Mit den k\u00fchleren Temperaturen starten wir wieder in die Halle und freuen uns wenn wir Dich auf Deinen ersten Kletterschritten begleiten d\u00fcrfen. Wir bieten ein umfassendes Programm von Hallenkursen, Outdoorkursen, Mehrseill\u00e4ngen Basics sowie \u00dcbungsleiterausbildungen (Sportklettern, Alpinklettern) an. Ab jetzt auch die ersten Hallenkurse online!<br \/>\n <\/p>\n<hr \/>\n<p><span style=\"float: left; text-align: left; font-size: 14px; color: #1F877B; text-decoration: underline;\"><strong><em><strong>Anf\u00e4nger Kompaktkurs in der Halle 05.11.-26.11.15<\/strong><\/em><\/strong><\/span><br \/>\n<span style=\"float: left; text-align: left; font-size: 12px;\"><strong><em>Beschreibung: <\/em><\/strong>Willst du dich perfekt auf das selbstst\u00e4ndige Klettern vorbereiten und die ersten Schritte f\u00fcr Sicherungs- und Klettertechnik erlernen? Oder m\u00f6chtest du dein Wissen in diesem Bereich einfach wieder mal auffrischen? Dann bist du hier bei diesem Kurs genau richtig! <br \/>\nBei diesem Kurs starten wir bei den Basics und erarbeiten die Sicherheitsstandards in Seil- und Sicherungstechnik und zeigen Dir die richtige Klettertechnik. Wir gehen Schritt f\u00fcr Schritt vor, sodass Du am Ende des Kurses selbstst\u00e4ndig und sicher in jeder Halle klettern kannst und dich wohl f\u00fchlst!<\/span><\/p>\n<p><span style=\"float: left; text-align: left; font-size: 12px;\"><em><strong>Inhalt:<\/strong><\/em> Materialkunde, Sicherungstechnik, Klettertechnik, Partnercheck, Kletterregeln<\/span><\/p>\n<hr \/>\n<p style=\"text-align: left; font-size: 12px\"><span style=\"text-decoration: underline; text-align: left; font-size: 12px\">Termin 1: <\/span><br \/>\njeweils Donnerstag Start: 05.11.15 von 18.00 bis ca. 21.00 Uhr; Ende 26.11.15; Hallen im Umkreis v. Villach und Klagenfurt  <\/p>\n<p style=\"text-align: left; font-size: 12px\">Preis: 145\u20acpP <\/p>\n<p style=\"text-align: left; font-size: 12px\">Leistungen: Kursgeb\u00fchr, Klettertrainer, Eintritt in die Kletterhalle, Leihausr\u00fcstung<\/p>\n<p style=\"text-align: left; font-size: 12px\">Du kannst Dich \u00fcber das <a title=\"Link zu Kontaktformular\" href=\"http:\/\/alpsolution.at\/?page_id=16\" target=\"_blank\">Kontaktformular<\/a> oder per Mail klettern(at)alpsolution.at anmelden!<\/span><\/p>\n","protected":false},"excerpt":{"rendered":"<p>Mit den k\u00fchleren Temperaturen starten wir wieder in die Halle und freuen uns wenn wir Dich auf Deinen ersten Kletterschritten begleiten d\u00fcrfen. Wir bieten ein umfassendes Programm von Hallenkursen, Outdoorkursen, Mehrseill\u00e4ngen Basics sowie \u00dcbungsleiterausbildungen (Sportklettern, Alpinklettern) an. Ab jetzt auch die ersten Hallenkurse online! Anf\u00e4nger Kompaktkurs in der Halle 05.11.-26.11.15 \u2026<\/p>\n<p class=\"continue-reading-button\"> <a class=\"continue-reading-link\" href=\"https:\/\/alpsolution.at\/?page_id=822\">Continue reading<i class=\"crycon-right-dir\"><\/i><\/a><\/p>\n","protected":false},"author":1,"featured_media":0,"parent":163,"menu_order":0,"comment_status":"closed","ping_status":"closed","template":"","meta":{"ngg_post_thumbnail":0,"footnotes":""},"class_list":["post-822","page","type-page","status-publish","hentry"],"jetpack_sharing_enabled":true,"_links":{"self":[{"href":"https:\/\/alpsolution.at\/index.php?rest_route=\/wp\/v2\/pages\/822","targetHints":{"allow":["GET"]}}],"collection":[{"href":"https:\/\/alpsolution.at\/index.php?rest_route=\/wp\/v2\/pages"}],"about":[{"href":"https:\/\/alpsolution.at\/index.php?rest_route=\/wp\/v2\/types\/page"}],"author":[{"embeddable":true,"href":"https:\/\/alpsolution.at\/index.php?rest_route=\/wp\/v2\/users\/1"}],"replies":[{"embeddable":true,"href":"https:\/\/alpsolution.at\/index.php?rest_route=%2Fwp%2Fv2%2Fcomments&post=822"}],"version-history":[{"count":28,"href":"https:\/\/alpsolution.at\/index.php?rest_route=\/wp\/v2\/pages\/822\/revisions"}],"predecessor-version":[{"id":1214,"href":"https:\/\/alpsolution.at\/index.php?rest_route=\/wp\/v2\/pages\/822\/revisions\/1214"}],"up":[{"embeddable":true,"href":"https:\/\/alpsolution.at\/index.php?rest_route=\/wp\/v2\/pages\/163"}],"wp:attachment":[{"href":"https:\/\/alpsolution.at\/index.php?rest_route=%2Fwp%2Fv2%2Fmedia&parent=822"}],"curies":[{"name":"wp","href":"https:\/\/api.w.org\/{rel}","templated":true}]}}